{"id":3887,"date":"2026-03-06T09:06:19","date_gmt":"2026-03-06T14:06:19","guid":{"rendered":"https:\/\/www.alexmaconstruction.com\/?page_id=3887"},"modified":"2026-03-23T11:44:42","modified_gmt":"2026-03-23T15:44:42","slug":"developpement-durable","status":"publish","type":"page","link":"https:\/\/www.alexmaconstruction.com\/fr\/developpement-durable\/","title":{"rendered":"D\u00e9veloppement durable"},"content":{"rendered":"<section class=\"topservice-container\">\n\t<picture><source srcset=\"https:\/\/www.alexmaconstruction.com\/wp-content\/uploads\/2026\/03\/header-page-developpement-durable-1.webp\" type=\"image\/webp\"><img loading=\"lazy\" decoding=\"async\" width=\"1536\" height=\"1024\" src=\"https:\/\/www.alexmaconstruction.com\/wp-content\/uploads\/2026\/03\/header-page-developpement-durable-1.jpg\" class=\"img-fluid  wp-post-image\" alt=\"\" srcset=\"https:\/\/www.alexmaconstruction.com\/wp-content\/uploads\/2026\/03\/header-page-developpement-durable-1.jpg 1536w, https:\/\/www.alexmaconstruction.com\/wp-content\/uploads\/2026\/03\/header-page-developpement-durable-1-300x200.jpg 300w, https:\/\/www.alexmaconstruction.com\/wp-content\/uploads\/2026\/03\/header-page-developpement-durable-1-1024x683.jpg 1024w, https:\/\/www.alexmaconstruction.com\/wp-content\/uploads\/2026\/03\/header-page-developpement-durable-1-768x512.jpg 768w, https:\/\/www.alexmaconstruction.com\/wp-content\/uploads\/2026\/03\/header-page-developpement-durable-1-450x300.jpg 450w, https:\/\/www.alexmaconstruction.com\/wp-content\/uploads\/2026\/03\/header-page-developpement-durable-1-771x514.jpg 771w\" sizes=\"auto, (max-width: 1536px) 100vw, 1536px\" \/><\/picture><\/p>\n<div class=\"container\">\n<div class=\"row\">\n<div class=\"col-12 col-lg-6\">\n<div class=\"lc-block\">\n<div editable=\"rich\">\n<h1>Le d\u00e9veloppement durable<\/h1>\n<\/p><\/div>\n<\/p><\/div>\n<p><!-- \/lc-block -->\n\t\t\t<\/div>\n<\/p><\/div>\n<\/p><\/div>\n<\/section>\n<section class=\"content-container\">\n<div class=\"container\">\n<div class=\"row\">\n<div class=\"col-lg-6\" data-aos=\"slide-right\" data-aos-once=\"true\">\n<div class=\"lc-block\">\n<div editable=\"rich\">\n<h2>Construire ensemble un mode de vie <\/h2>\n<p>Le Groupe Alexma Construction offre plus que des habitations : nous r\u00e9alisons des projets de vie et b\u00e2tissons des communaut\u00e9s. En tant que pilier dans le domaine de la construction, nous croyons que des d\u00e9veloppements de proximit\u00e9, responsables et durables enrichissent la vie de nos clients et des citoyens, tout en contribuant \u00e0 la vitalit\u00e9 de la collectivit\u00e9. <\/p>\n<p>Pour nous, chaque construction repr\u00e9sente un point de d\u00e9part vers un mode de vie inspirant, harmonieux et r\u00e9fl\u00e9chi. <\/p>\n<p>Le d\u00e9veloppement durable, c\u2019est construire aujourd\u2019hui sans compromettre demain. Concr\u00e8tement, cela signifie prendre des d\u00e9cisions qui \u00e9quilibrent l\u2019environnement, l\u2019\u00e9conomie et le bien-\u00eatre des gens. Sur le plan environnemental, l\u2019objectif est de r\u00e9duire notre empreinte, de prot\u00e9ger les milieux naturels et de limiter les \u00e9missions de gaz \u00e0 effet de serre (GES). Sur le plan \u00e9conomique, il s\u2019agit de r\u00e9aliser des projets performants, durables et efficaces, qui conservent leur valeur \u00e0 long terme. Sur le plan social, cela consiste \u00e0 cr\u00e9er des quartiers agr\u00e9ables, sains et bien pens\u00e9s, o\u00f9 il fait bon vivre. <\/p>\n<\/p>\n<p>En construction, cette approche se traduit par des choix r\u00e9fl\u00e9chis concernant les mat\u00e9riaux, l\u2019efficacit\u00e9 \u00e9nerg\u00e9tique des b\u00e2timents, l\u2019am\u00e9nagement du territoire, la gestion des mati\u00e8res r\u00e9siduelles et la r\u00e9duction des d\u00e9placements. <\/p>\n<\/p><\/div>\n<\/p><\/div>\n<p><!-- \/lc-block --><br \/>\n\t\t\t\t<!-- \/lc-block -->\n\t\t\t<\/div>\n<p><!-- \/col --><\/p>\n<div class=\"col-lg-6 col-xxl-5 ml-auto\" data-aos=\"slide-left\" data-aos-once=\"true\">\n<div class=\"lc-block\">\n\t\t\t\t\t<picture><source srcset=\"https:\/\/www.alexmaconstruction.com\/wp-content\/uploads\/2026\/03\/gestion-dechet-1.webp\" type=\"image\/webp\"><img loading=\"lazy\" decoding=\"async\" class=\"img-fluid wp-image-3901\" src=\"https:\/\/www.alexmaconstruction.com\/wp-content\/uploads\/2026\/03\/gestion-dechet-1.jpg\" width=\"1397\" height=\"1397\" srcset=\"https:\/\/www.alexmaconstruction.com\/wp-content\/uploads\/2026\/03\/gestion-dechet-1.jpg 1397w, https:\/\/www.alexmaconstruction.com\/wp-content\/uploads\/2026\/03\/gestion-dechet-1-300x300.jpg 300w, https:\/\/www.alexmaconstruction.com\/wp-content\/uploads\/2026\/03\/gestion-dechet-1-1024x1024.jpg 1024w, https:\/\/www.alexmaconstruction.com\/wp-content\/uploads\/2026\/03\/gestion-dechet-1-150x150.jpg 150w, https:\/\/www.alexmaconstruction.com\/wp-content\/uploads\/2026\/03\/gestion-dechet-1-768x768.jpg 768w, https:\/\/www.alexmaconstruction.com\/wp-content\/uploads\/2026\/03\/gestion-dechet-1-632x632.jpg 632w\" sizes=\"auto, (max-width: 1397px) 100vw, 1397px\"><\/picture>\n\t\t\t\t<\/div>\n<p><!-- \/lc-block --><br \/>\n\t\t\t\t<!-- \/lc-block -->\n\t\t\t<\/div>\n<p><!-- \/col --><\/p>\n<div class=\"col-12\" data-aos=\"slide-right\" data-aos-once=\"true\">\n<div class=\"lc-block\">\n<div editable=\"rich\">\n<p><\/p>\n<\/p><\/div>\n<\/p><\/div>\n<\/p><\/div>\n<p><!-- \/col -->\n\t\t<\/div>\n<div class=\"row mt-5\">\n<div class=\"col-lg-6 order-1 order-lg-2 ml-auto\" data-aos=\"slide-left\" data-aos-once=\"true\">\n<div class=\"lc-block\">\n<div editable=\"rich\">\n<h2>Notre engagement environnemental<\/h2>\n<p>Le Groupe Alexma Construction s\u2019appuie une politique et un plan d\u2019action qui encadrent et soutiennent notre vision du d\u00e9veloppement responsable. <\/p>\n<p>Nous nous engageons envers le verdissement et la pr\u00e9servation des milieux naturels afin de lutter contre les \u00eelots de chaleur et de r\u00e9duire les \u00e9missions de gaz \u00e0 effet de serre (GES) dans les quartiers o\u00f9 se situent nos constructions. Cette approche fait partie int\u00e9grante de la conception de nos projets, d\u00e8s les premi\u00e8res \u00e9tapes. <\/p>\n<p>Nos principaux axes d\u2019intervention pour la p\u00e9riode 2026\u20132029 sont les suivants : \u00e9largir notre gamme de produits et de m\u00e9thodes de construction \u00e9cologiques; r\u00e9aliser des tests d\u2019infiltrom\u00e9trie afin de s\u2019assurer de la performance \u00e9nerg\u00e9tique et l\u2019\u00e9tanch\u00e9it\u00e9 sup\u00e9rieure de nos habitations; mettre en place un plan de d\u00e9boisement encadr\u00e9 ainsi que des mesures de protection des esp\u00e8ces rares, dans le but de pr\u00e9server les milieux naturels et de sensibiliser notre client\u00e8le; d\u00e9ployer notre politique d\u2019approvisionnement local et responsable pour renforcer la tra\u00e7abilit\u00e9, optimiser notre cha\u00eene d\u2019approvisionnement et r\u00e9duire les impacts li\u00e9s au transport; d\u00e9velopper des solutions num\u00e9riques facilitant les visites virtuelles afin de limiter les d\u00e9placements; former notre personnel \u00e0 l\u2019\u00e9coconduite pour r\u00e9duire la consommation de carburant et les \u00e9missions associ\u00e9es; et enfin, am\u00e9liorer nos pratiques de chantier en optimisant le tri, la gestion et la compaction des mati\u00e8res afin de r\u00e9duire les d\u00e9chets et d\u2019augmenter leur valorisation.&nbsp;<\/p>\n<\/p><\/div>\n<\/p><\/div>\n<div class=\"lc-block\"><a class=\"white-transparent red-hover contact btn\" href=\"https:\/\/www.alexmaconstruction.com\/wp-content\/uploads\/2026\/03\/politique-approvisionnement.pdf\" role=\"button\" target=\"_blank\">Lire notre politique d&rsquo;approvisionnement responsable<\/a><\/div>\n<p><!-- \/lc-block --><!-- \/lc-block --><br \/>\n\t\t\t\t<!-- \/lc-block -->\n\t\t\t<\/div>\n<p><!-- \/col --><\/p>\n<div class=\"col-lg-6 col-xxl-5 order-2 order-lg-1\" data-aos=\"slide-right\" data-aos-once=\"true\">\n<div class=\"lc-block\">\n\t\t\t\t\t<picture><source srcset=\"https:\/\/www.alexmaconstruction.com\/wp-content\/uploads\/2026\/03\/Compactor-1.webp\" type=\"image\/webp\"><img loading=\"lazy\" decoding=\"async\" class=\"img-fluid wp-image-3899\" src=\"https:\/\/www.alexmaconstruction.com\/wp-content\/uploads\/2026\/03\/Compactor-1.jpg\" width=\"1449\" height=\"1449\" srcset=\"https:\/\/www.alexmaconstruction.com\/wp-content\/uploads\/2026\/03\/Compactor-1.jpg 1449w, https:\/\/www.alexmaconstruction.com\/wp-content\/uploads\/2026\/03\/Compactor-1-300x300.jpg 300w, https:\/\/www.alexmaconstruction.com\/wp-content\/uploads\/2026\/03\/Compactor-1-1024x1024.jpg 1024w, https:\/\/www.alexmaconstruction.com\/wp-content\/uploads\/2026\/03\/Compactor-1-150x150.jpg 150w, https:\/\/www.alexmaconstruction.com\/wp-content\/uploads\/2026\/03\/Compactor-1-768x768.jpg 768w, https:\/\/www.alexmaconstruction.com\/wp-content\/uploads\/2026\/03\/Compactor-1-632x632.jpg 632w\" sizes=\"auto, (max-width: 1449px) 100vw, 1449px\"><\/picture>\n\t\t\t\t<\/div>\n<div class=\"lc-block\">\n<div editable=\"rich\">\n\t\t\t\t\t\t<\/p>\n<p>En compactant et en structurant mieux le tri sur nos chantiers, nous r\u00e9duisons le volume transport\u00e9, optimisons la logistique et contribuons \u00e0 limiter les \u00e9missions associ\u00e9es aux d\u00e9placements.<\/p>\n<\/p><\/div>\n<\/p><\/div>\n<p><!-- \/lc-block --><br \/>\n\t\t\t\t<!-- \/lc-block -->\n\t\t\t<\/div>\n<p>\t\t\t<!-- \/col -->\n\t\t<\/div>\n<div class=\"row mt-5\">\n<div class=\"col-lg-6\" data-aos=\"slide-right\" data-aos-once=\"true\">\n<div class=\"lc-block\">\n<div editable=\"rich\">\n<h2>\n\t\t\t\t\t\t\tNotre engagement social et communautaire<\/h2>\n<p>Notre vision d\u2019une responsabilit\u00e9 partag\u00e9e est toute aussi essentielle de notre d\u00e9marche en d\u00e9veloppement durable. <\/p>\n<p>Le Groupe Alexma Construction s\u2019implique activement dans la collectivit\u00e9 de l\u2019Outaouais en posant des gestes concrets qui r\u00e9pondent directement aux besoins du milieu. Au-del\u00e0 de notre r\u00f4le de b\u00e2tisseur, nous croyons qu\u2019une entreprise a la responsabilit\u00e9 de contribuer \u00e0 la qualit\u00e9 de vie des gens qui l\u2019entourent. <\/p>\n<p>C\u2019est dans cet esprit que nous participons, entre autres, \u00e0 la remise d\u2019effets scolaires et de v\u00eatements destin\u00e9s \u00e0 des enfants dont la famille traverse une p\u00e9riode de difficult\u00e9s financi\u00e8res, afin de leur offrir de meilleures conditions pour grandir et s\u2019\u00e9panouir. <\/p>\n<p>Nous soutenons \u00e9galement des initiatives de distribution de denr\u00e9es alimentaires, en appui aux personnes et aux familles dans le besoin. <\/p>\n<p>Parce que la solidarit\u00e9 se traduit aussi par la pr\u00e9sence et l\u2019entraide, nous offrons du temps \u00e0 certaines personnes \u00e2g\u00e9es pour les aider dans l\u2019entretien de leur r\u00e9sidence et de leur logement, contribuant ainsi \u00e0 leur s\u00e9curit\u00e9, \u00e0 leur confort et \u00e0 leur maintien \u00e0 domicile. <\/p>\n<p>Enfin, nous sommes fiers d\u2019encourager la vie sportive locale en fournissant du mat\u00e9riel sportif ou des pi\u00e8ces d\u2019uniformes \u00e0 des \u00e9quipes de la r\u00e9gion, afin de soutenir l\u2019engagement des jeunes et le dynamisme des clubs communautaires. <\/p>\n<p>Notre implication ne s\u2019arr\u00eate pas l\u00e0. Les membres de notre \u00e9quipe partagent les valeurs de l\u2019entreprise et incarnent au quotidien cette volont\u00e9 de faire une diff\u00e9rence. Nous sommes fiers de savoir que plusieurs d\u2019entre eux s\u2019engagent aussi personnellement, de diverses fa\u00e7ons ; par leur temps, du mat\u00e9riel ou leurs contributions financi\u00e8res, aupr\u00e8s d\u2019organismes et de causes qui leur tiennent \u00e0 c\u0153ur, notamment la Maison de la Ville, la Fondation Mathieu Froment-Savoie, la Fondation du cancer du sein, le parrainage d\u2019enfants \u00e0 No\u00ebl, et bien d\u2019autres initiatives. Ensemble, nous souhaitons b\u00e2tir bien plus que des maisons : contribuer \u00e0 une communaut\u00e9 plus forte, plus humaine et plus solidaire. <\/p>\n<\/p><\/div>\n<\/p><\/div>\n<div class=\"lc-block\"><a class=\"white-transparent red-hover contact btn\" href=\"https:\/\/www.alexmaconstruction.com\/wp-content\/uploads\/2026\/03\/politique-de-don-et-commandite.pdf\" role=\"button\" target=\"_blank\">Lire notre politique de don<\/a><\/div>\n<p><!-- \/lc-block --><br \/>\n\t\t\t\t<!-- \/lc-block -->\n\t\t\t<\/div>\n<p><!-- \/col --><\/p>\n<div class=\"col-lg-6 col-xxl-5 ml-auto\" data-aos=\"slide-left\" data-aos-once=\"true\">\n<div class=\"lc-block\">\n\t\t\t\t\t<picture><source srcset=\"https:\/\/www.alexmaconstruction.com\/wp-content\/uploads\/2026\/03\/photo-hockey-alexma.webp\" type=\"image\/webp\"><img loading=\"lazy\" decoding=\"async\" class=\"img-fluid wp-image-3904\" src=\"https:\/\/www.alexmaconstruction.com\/wp-content\/uploads\/2026\/03\/photo-hockey-alexma.jpg\" width=\"1600\" height=\"1043\" srcset=\"https:\/\/www.alexmaconstruction.com\/wp-content\/uploads\/2026\/03\/photo-hockey-alexma.jpg 1600w, https:\/\/www.alexmaconstruction.com\/wp-content\/uploads\/2026\/03\/photo-hockey-alexma-300x196.jpg 300w, https:\/\/www.alexmaconstruction.com\/wp-content\/uploads\/2026\/03\/photo-hockey-alexma-1024x668.jpg 1024w, https:\/\/www.alexmaconstruction.com\/wp-content\/uploads\/2026\/03\/photo-hockey-alexma-768x501.jpg 768w, https:\/\/www.alexmaconstruction.com\/wp-content\/uploads\/2026\/03\/photo-hockey-alexma-1536x1001.jpg 1536w, https:\/\/www.alexmaconstruction.com\/wp-content\/uploads\/2026\/03\/photo-hockey-alexma-460x300.jpg 460w, https:\/\/www.alexmaconstruction.com\/wp-content\/uploads\/2026\/03\/photo-hockey-alexma-771x503.jpg 771w\" sizes=\"auto, (max-width: 1600px) 100vw, 1600px\"><\/picture>\n<div editable=\"rich\">\n\t\t\t\t\t\t<\/p>\n<p>Nous sommes fiers de soutenir de jeunes \u00e9quipes de hockey et leurs familles en contribuant \u00e0 l\u2019achat d\u2019\u00e9quipement et de v\u00eatements. Par cet engagement, nous souhaitons favoriser leur d\u00e9veloppement et encourager leur passion pour le sport.<\/p>\n<p><\/p>\n<\/p><\/div>\n<\/p><\/div>\n<div class=\"lc-block\">\n\t\t\t\t\t<picture><source srcset=\"https:\/\/www.alexmaconstruction.com\/wp-content\/uploads\/2026\/03\/1213339-nombre-ecoles-beneficiant-club-petits.webp\" type=\"image\/webp\"><img loading=\"lazy\" decoding=\"async\" class=\"img-fluid wp-image-3908\" src=\"https:\/\/www.alexmaconstruction.com\/wp-content\/uploads\/2026\/03\/1213339-nombre-ecoles-beneficiant-club-petits.jpg\" width=\"923\" height=\"615\" srcset=\"https:\/\/www.alexmaconstruction.com\/wp-content\/uploads\/2026\/03\/1213339-nombre-ecoles-beneficiant-club-petits.jpg 923w, https:\/\/www.alexmaconstruction.com\/wp-content\/uploads\/2026\/03\/1213339-nombre-ecoles-beneficiant-club-petits-300x200.jpg 300w, https:\/\/www.alexmaconstruction.com\/wp-content\/uploads\/2026\/03\/1213339-nombre-ecoles-beneficiant-club-petits-768x512.jpg 768w, https:\/\/www.alexmaconstruction.com\/wp-content\/uploads\/2026\/03\/1213339-nombre-ecoles-beneficiant-club-petits-450x300.jpg 450w, https:\/\/www.alexmaconstruction.com\/wp-content\/uploads\/2026\/03\/1213339-nombre-ecoles-beneficiant-club-petits-771x514.jpg 771w\" sizes=\"auto, (max-width: 923px) 100vw, 923px\" style=\"margin-top:20px\"><\/picture>\n<div editable=\"rich\">\n\t\t\t\t\t\t<\/p>\n<p>Nous remettons des fonds \u00e0 des organismes \u0153uvrant aupr\u00e8s d\u2019\u00e9tudiants issus de milieux d\u00e9favoris\u00e9s afin de contribuer \u00e0 l\u2019offre de repas nutritifs et de soutenir leur bien-\u00eatre, leur r\u00e9ussite et leur apprentissage au quotidien.<\/p>\n<p><\/p>\n<\/p><\/div>\n<\/p><\/div>\n<div class=\"lc-block\">\n\t\t\t\t\t<picture><source srcset=\"https:\/\/www.alexmaconstruction.com\/wp-content\/uploads\/2026\/03\/fourniture-scolaire.webp\" type=\"image\/webp\"><img loading=\"lazy\" decoding=\"async\" class=\"img-fluid wp-image-4049\" src=\"https:\/\/www.alexmaconstruction.com\/wp-content\/uploads\/2026\/03\/fourniture-scolaire.jpg\" width=\"1536\" height=\"1024\" srcset=\"https:\/\/www.alexmaconstruction.com\/wp-content\/uploads\/2026\/03\/fourniture-scolaire.jpg 1536w, https:\/\/www.alexmaconstruction.com\/wp-content\/uploads\/2026\/03\/fourniture-scolaire-300x200.jpg 300w, https:\/\/www.alexmaconstruction.com\/wp-content\/uploads\/2026\/03\/fourniture-scolaire-1024x683.jpg 1024w, https:\/\/www.alexmaconstruction.com\/wp-content\/uploads\/2026\/03\/fourniture-scolaire-768x512.jpg 768w, https:\/\/www.alexmaconstruction.com\/wp-content\/uploads\/2026\/03\/fourniture-scolaire-450x300.jpg 450w, https:\/\/www.alexmaconstruction.com\/wp-content\/uploads\/2026\/03\/fourniture-scolaire-771x514.jpg 771w\" sizes=\"auto, (max-width: 1536px) 100vw, 1536px\" style=\"margin-top:20px\"><\/picture>\n<div editable=\"rich\">\n\t\t\t\t\t\t<\/p>\n<p>Nous remettons des fonds \u00e0 des organismes \u0153uvrant aupr\u00e8s d\u2019\u00e9tudiants issus de milieux d\u00e9favoris\u00e9s afin de contribuer \u00e0 l\u2019achat de mat\u00e9riel scolaire et de leur offrir les outils n\u00e9cessaires pour apprendre dans les meilleures conditions.<\/p>\n<\/p><\/div>\n<\/p><\/div>\n<p><!-- \/lc-block --><br \/>\n\t\t\t\t<!-- \/lc-block -->\n\t\t\t<\/div>\n<p><!-- \/col --><\/p>\n<div class=\"col-12 d-none d-lg-block\" data-aos=\"slide-right\" data-aos-once=\"true\">\n<div class=\"lc-block\">\n<div editable=\"rich\">\n<p><\/p>\n<\/p><\/div>\n<\/p><\/div>\n<\/p><\/div>\n<p><!-- \/col -->\n\t\t<\/div>\n<div class=\"row mt-5\">\n<div class=\"col-lg-6 order-lg-2 ml-auto mt-5 mt-lg-0 order-last\" data-aos=\"slide-left\" data-aos-once=\"true\">\n<div class=\"lc-block\">\n<div editable=\"rich\">\n<p style=\"margin: 0px;\">Nous nous appuyons sur la M\u00e9thode 4P de Good4.Global (G4G) pour la mise en place de nos engagements et d\u2019un plan d\u2019action en d\u00e9veloppement durable. L\u2019avancement sur nos engagements est rendu public \u00e0 partir de notre fiche membre sur leur plateforme en ligne. Notre plan d\u2019action fait l\u2019objet de v\u00e9rifications p\u00e9riodiques par G4G, lesquelles visent \u00e0 pr\u00e9server l\u2019authenticit\u00e9 de nos d\u00e9clarations et notre implication continue envers nos engagements.<\/p>\n<\/p><\/div>\n<\/p><\/div>\n<div class=\"lc-block\">\n\t\t\t\t\t<picture><source srcset=\"https:\/\/www.alexmaconstruction.com\/wp-content\/uploads\/2026\/03\/g4g-fr-1.webp\" type=\"image\/webp\"><img loading=\"lazy\" decoding=\"async\" class=\"img-fluid wp-image-4045\" src=\"https:\/\/www.alexmaconstruction.com\/wp-content\/uploads\/2026\/03\/g4g-fr-1.png\" width=\"160\" height=\"160\" id=\"logo-4p\" srcset=\"https:\/\/www.alexmaconstruction.com\/wp-content\/uploads\/2026\/03\/g4g-fr-1.png 160w, https:\/\/www.alexmaconstruction.com\/wp-content\/uploads\/2026\/03\/g4g-fr-1-150x150.png 150w\" sizes=\"auto, (max-width: 160px) 100vw, 160px\"><\/picture>\n\t\t\t\t<\/div>\n<p><!-- \/lc-block --><br \/>\n\t\t\t\t<!-- \/lc-block --><\/p>\n<p>\t\t\t\t<!-- \/lc-block --><!-- \/lc-block --><\/p>\n<p>\t\t\t\t<!-- \/lc-block -->\n\t\t\t<\/div>\n<p><!-- \/col --><\/p>\n<div class=\"col-lg-6 col-xxl-5 order-lg-1\" data-aos=\"slide-right\" data-aos-once=\"true\">\n<div class=\"lc-block\">\n<div editable=\"rich\">\n<h2>Un engagement local pour un impact mondial<\/h2>\n<p>Notre engagement na\u00eet d\u2019une volont\u00e9 d\u2019agir sur les <a href=\"https:\/\/sdgs.un.org\/fr\/goals\" target=\"_blank\" rel=\"nofollow noopener\"><u>17 Objectifs de d\u00e9veloppement durable<\/u><\/a> de l\u2019ONU. Nos actions visent sp\u00e9cifiquement l\u2019avancement des objectifs suivants :<\/p>\n<\/p><\/div>\n<\/p><\/div>\n<div class=\"d-flex\">\n<div class=\"lc-block\">\n\t\t\t\t\t\t<picture><source srcset=\"https:\/\/www.alexmaconstruction.com\/wp-content\/uploads\/2026\/03\/onu_goal_3-150x150.webp\" type=\"image\/webp\"><img loading=\"lazy\" decoding=\"async\" class=\"img-fluid wp-image-3891\" src=\"https:\/\/www.alexmaconstruction.com\/wp-content\/uploads\/2026\/03\/onu_goal_3-150x150.jpg\" width=\"150\" height=\"150\" srcset=\"https:\/\/www.alexmaconstruction.com\/wp-content\/uploads\/2026\/03\/onu_goal_3-150x150.jpg 150w, https:\/\/www.alexmaconstruction.com\/wp-content\/uploads\/2026\/03\/onu_goal_3-300x300.jpg 300w, https:\/\/www.alexmaconstruction.com\/wp-content\/uploads\/2026\/03\/onu_goal_3.jpg 500w\" sizes=\"auto, (max-width: 150px) 100vw, 150px\"><\/picture>\n\t\t\t\t\t<\/div>\n<div class=\"lc-block\">\n\t\t\t\t\t\t<picture><source srcset=\"https:\/\/www.alexmaconstruction.com\/wp-content\/uploads\/2026\/03\/onu_goal_7-150x150.webp\" type=\"image\/webp\"><img loading=\"lazy\" decoding=\"async\" class=\"img-fluid wp-image-3893\" src=\"https:\/\/www.alexmaconstruction.com\/wp-content\/uploads\/2026\/03\/onu_goal_7-150x150.jpg\" width=\"150\" height=\"150\" srcset=\"https:\/\/www.alexmaconstruction.com\/wp-content\/uploads\/2026\/03\/onu_goal_7-150x150.jpg 150w, https:\/\/www.alexmaconstruction.com\/wp-content\/uploads\/2026\/03\/onu_goal_7-300x300.jpg 300w, https:\/\/www.alexmaconstruction.com\/wp-content\/uploads\/2026\/03\/onu_goal_7.jpg 500w\" sizes=\"auto, (max-width: 150px) 100vw, 150px\" style=\"margin-inline:20px\"><\/picture>\n\t\t\t\t\t<\/div>\n<div class=\"lc-block\">\n\t\t\t\t\t\t<picture><source srcset=\"https:\/\/www.alexmaconstruction.com\/wp-content\/uploads\/2026\/03\/onu_goal_15-150x150.webp\" type=\"image\/webp\"><img loading=\"lazy\" decoding=\"async\" class=\"img-fluid wp-image-3889\" src=\"https:\/\/www.alexmaconstruction.com\/wp-content\/uploads\/2026\/03\/onu_goal_15-150x150.jpg\" width=\"150\" height=\"150\" srcset=\"https:\/\/www.alexmaconstruction.com\/wp-content\/uploads\/2026\/03\/onu_goal_15-150x150.jpg 150w, https:\/\/www.alexmaconstruction.com\/wp-content\/uploads\/2026\/03\/onu_goal_15-300x300.jpg 300w, https:\/\/www.alexmaconstruction.com\/wp-content\/uploads\/2026\/03\/onu_goal_15.jpg 500w\" sizes=\"auto, (max-width: 150px) 100vw, 150px\"><\/picture>\n\t\t\t\t\t<\/div>\n<\/p><\/div>\n<\/p><\/div>\n<p>\t\t\t<!-- \/col -->\n\t\t<\/div>\n<\/p><\/div>\n<\/section>\n","protected":false},"excerpt":{"rendered":"<p>Le d\u00e9veloppement durable Construire ensemble un mode de vie Le Groupe Alexma Construction offre plus que des habitations : nous r\u00e9alisons des projets de vie et b\u00e2tissons des communaut\u00e9s. En tant que pilier dans le domaine de la construction, nous croyons que des d\u00e9veloppements de proximit\u00e9, responsables et durables enrichissent la vie de nos clients [&hellip;]<\/p>\n","protected":false},"author":3,"featured_media":4081,"parent":0,"menu_order":0,"comment_status":"closed","ping_status":"closed","template":"","meta":{"_acf_changed":false,"footnotes":""},"class_list":["post-3887","page","type-page","status-publish","has-post-thumbnail","hentry"],"acf":[],"_links":{"self":[{"href":"https:\/\/www.alexmaconstruction.com\/fr\/wp-json\/wp\/v2\/pages\/3887","targetHints":{"allow":["GET"]}}],"collection":[{"href":"https:\/\/www.alexmaconstruction.com\/fr\/wp-json\/wp\/v2\/pages"}],"about":[{"href":"https:\/\/www.alexmaconstruction.com\/fr\/wp-json\/wp\/v2\/types\/page"}],"author":[{"embeddable":true,"href":"https:\/\/www.alexmaconstruction.com\/fr\/wp-json\/wp\/v2\/users\/3"}],"replies":[{"embeddable":true,"href":"https:\/\/www.alexmaconstruction.com\/fr\/wp-json\/wp\/v2\/comments?post=3887"}],"version-history":[{"count":16,"href":"https:\/\/www.alexmaconstruction.com\/fr\/wp-json\/wp\/v2\/pages\/3887\/revisions"}],"predecessor-version":[{"id":4082,"href":"https:\/\/www.alexmaconstruction.com\/fr\/wp-json\/wp\/v2\/pages\/3887\/revisions\/4082"}],"wp:featuredmedia":[{"embeddable":true,"href":"https:\/\/www.alexmaconstruction.com\/fr\/wp-json\/wp\/v2\/media\/4081"}],"wp:attachment":[{"href":"https:\/\/www.alexmaconstruction.com\/fr\/wp-json\/wp\/v2\/media?parent=3887"}],"curies":[{"name":"wp","href":"https:\/\/api.w.org\/{rel}","templated":true}]}}