{"id":2524,"date":"2022-09-19T15:38:42","date_gmt":"2022-09-19T19:38:42","guid":{"rendered":"https:\/\/www.alexmaconstruction.com\/?page_id=2524"},"modified":"2024-10-17T09:32:23","modified_gmt":"2024-10-17T13:32:23","slug":"notre-inventaire","status":"publish","type":"page","link":"https:\/\/www.alexmaconstruction.com\/fr\/notre-inventaire\/","title":{"rendered":"Notre inventaire"},"content":{"rendered":"<section>\n<div lc-helper=\"shortcode\" class=\"live-shortcode\"><div class=\"models-list-container\"><div class=\"container\"><div class=\"row\"><div class=\"col-12\"><h2>Notre inventaire<\/h2><\/div><div class=\"col-12\"><div class=\"models-cats\"><label class=\"single-model-cat\"><input type=\"checkbox\" name=\"model-cat\" value=\"Bi-g\u00e9n\u00e9rations\" data-cat-id=\"31\" ><span>Bi-g\u00e9n\u00e9rations<\/span><\/label><label class=\"single-model-cat\"><input type=\"checkbox\" name=\"model-cat\" value=\"Multi Logements et condos\" data-cat-id=\"34\" ><span>Multi Logements et condos<\/span><\/label><label class=\"single-model-cat\"><input type=\"checkbox\" name=\"model-cat\" value=\"Semi d\u00e9tach\u00e9\" data-cat-id=\"35\" ><span>Semi d\u00e9tach\u00e9<\/span><\/label><\/div><\/div><div class=\"col-12\"><div class=\"models-list row\"><div class=\"loader\"><\/div><div class=\"col-12 col-lg-6\" data-model-cat=\"Bi-g\u00e9n\u00e9rations,Unifamiliales 2 \u00e9tages\" ><div class=\"single-model\"><a href=\"https:\/\/www.alexmaconstruction.com\/fr\/inventaires\/1666-rue-fleur-de-lys\/\"><picture><source srcset=\"https:\/\/www.alexmaconstruction.com\/wp-content\/uploads\/2025\/04\/PDA-1666-rue-fleur-de-lys-2-1-805x604.webp\" class=\"images\/webp\" data-skip-lazy><img decoding=\"async\" src=\"https:\/\/www.alexmaconstruction.com\/wp-content\/uploads\/2025\/04\/PDA-1666-rue-fleur-de-lys-2-1-805x604.jpg\" alt=\"\" data-skip-lazy><\/picture><div class=\"model-info\"><div class=\"model-info-title-name\"><h3>1666 Rue fleur de Lys<\/h3><p class=\"prix mt-1\">\u00c0 partir de <strong style=\"font-size: 1.3em;\">645 000$<\/strong><\/p><p>Bi-g\u00e9n\u00e9rations, Unifamiliales 2 \u00e9tages<\/p><\/div><div class=\"bath-room-counts\"><div class=\"room-count\">3<\/div><div class=\"bath-count\">1.5<\/div><\/div><\/div><\/a><\/div><\/div><div class=\"col-12 col-lg-6\" data-model-cat=\"Multi Logements et condos\" ><div class=\"single-model\"><a href=\"https:\/\/www.alexmaconstruction.com\/fr\/inventaires\/533-rue-rossignol-gatineau\/\"><picture><source srcset=\"https:\/\/www.alexmaconstruction.com\/wp-content\/uploads\/2025\/11\/Facade-rossignol.webp\" class=\"images\/webp\" data-skip-lazy><img decoding=\"async\" src=\"https:\/\/www.alexmaconstruction.com\/wp-content\/uploads\/2025\/11\/Facade-rossignol.jpg\" alt=\"\" data-skip-lazy><\/picture><div class=\"model-info\"><div class=\"model-info-title-name\"><h3>533 Rue Rossignol, Gatineau<\/h3><p class=\"prix mt-1\">\u00c0 partir de <strong style=\"font-size: 1.3em;\">927 500$<\/strong><\/p><p>Multi Logements et condos<\/p><\/div><div class=\"bath-room-counts\"><div class=\"room-count\">6<\/div><div class=\"bath-count\">3<\/div><\/div><\/div><\/a><\/div><\/div><div class=\"col-12 col-lg-6\" data-model-cat=\"Multi Logements et condos\" ><div class=\"single-model\"><a href=\"https:\/\/www.alexmaconstruction.com\/fr\/inventaires\/8-unites-55-helene-duval\/\"><picture><source srcset=\"https:\/\/www.alexmaconstruction.com\/wp-content\/uploads\/2024\/12\/elevation-facade-55-helene-duval-805x604.webp\" class=\"images\/webp\" data-skip-lazy><img decoding=\"async\" src=\"https:\/\/www.alexmaconstruction.com\/wp-content\/uploads\/2024\/12\/elevation-facade-55-helene-duval-805x604.jpg\" alt=\"\" data-skip-lazy><\/picture><div class=\"model-info\"><div class=\"model-info-title-name\"><h3>8 Unit\u00e9s \u2013 55 Helene Duval<\/h3><p class=\"prix mt-1\">\u00c0 partir de <strong style=\"font-size: 1.3em;\">3 044 000$<\/strong><\/p><p>Multi Logements et condos<\/p><\/div><div class=\"bath-room-counts\"><div class=\"room-count\">8<\/div><div class=\"bath-count\">8<\/div><\/div><\/div><\/a><\/div><\/div><div class=\"col-12 col-lg-6\" data-model-cat=\"Semi d\u00e9tach\u00e9\" ><div class=\"single-model\"><a href=\"https:\/\/www.alexmaconstruction.com\/fr\/inventaires\/semi-urbain-2-0-du-956-958-st-louis\/\"><picture><source srcset=\"https:\/\/www.alexmaconstruction.com\/wp-content\/uploads\/2024\/08\/956-958RueSaint-LouisGatineau-48-Copie-805x604.webp\" class=\"images\/webp\" data-skip-lazy><img decoding=\"async\" src=\"https:\/\/www.alexmaconstruction.com\/wp-content\/uploads\/2024\/08\/956-958RueSaint-LouisGatineau-48-Copie-805x604.jpg\" alt=\"\" data-skip-lazy><\/picture><div class=\"model-info\"><div class=\"model-info-title-name\"><h3>956-958 Rue Saint-Louis<\/h3><p class=\"prix mt-1\">\u00c0 partir de <strong style=\"font-size: 1.3em;\">406 720$<\/strong><\/p><p>Semi d\u00e9tach\u00e9<\/p><\/div><div class=\"bath-room-counts\"><div class=\"room-count\">3<\/div><div class=\"bath-count\">1<\/div><\/div><\/div><\/a><\/div><\/div><\/div><\/div><\/div><\/div><\/div>\n\t<\/div>\n<\/section>\n","protected":false},"excerpt":{"rendered":"","protected":false},"author":1,"featured_media":0,"parent":0,"menu_order":0,"comment_status":"closed","ping_status":"closed","template":"","meta":{"_acf_changed":false,"footnotes":""},"class_list":["post-2524","page","type-page","status-publish","hentry"],"acf":[],"_links":{"self":[{"href":"https:\/\/www.alexmaconstruction.com\/fr\/wp-json\/wp\/v2\/pages\/2524","targetHints":{"allow":["GET"]}}],"collection":[{"href":"https:\/\/www.alexmaconstruction.com\/fr\/wp-json\/wp\/v2\/pages"}],"about":[{"href":"https:\/\/www.alexmaconstruction.com\/fr\/wp-json\/wp\/v2\/types\/page"}],"author":[{"embeddable":true,"href":"https:\/\/www.alexmaconstruction.com\/fr\/wp-json\/wp\/v2\/users\/1"}],"replies":[{"embeddable":true,"href":"https:\/\/www.alexmaconstruction.com\/fr\/wp-json\/wp\/v2\/comments?post=2524"}],"version-history":[{"count":2,"href":"https:\/\/www.alexmaconstruction.com\/fr\/wp-json\/wp\/v2\/pages\/2524\/revisions"}],"predecessor-version":[{"id":3162,"href":"https:\/\/www.alexmaconstruction.com\/fr\/wp-json\/wp\/v2\/pages\/2524\/revisions\/3162"}],"wp:attachment":[{"href":"https:\/\/www.alexmaconstruction.com\/fr\/wp-json\/wp\/v2\/media?parent=2524"}],"curies":[{"name":"wp","href":"https:\/\/api.w.org\/{rel}","templated":true}]}}