{"id":2,"date":"2022-08-22T09:06:50","date_gmt":"2022-08-22T13:06:50","guid":{"rendered":"https:\/\/www.alexmaconstruction.com\/?page_id=2"},"modified":"2026-04-16T10:02:13","modified_gmt":"2026-04-16T14:02:13","slug":"sample-page","status":"publish","type":"page","link":"https:\/\/www.alexmaconstruction.com\/fr\/","title":{"rendered":"Accueil"},"content":{"rendered":"<section class=\"topmain-container\">\n\t<div class=\"sound-button\"><\/div><video loop muted autoplay preload='none' poster='https:\/\/www.alexmaconstruction.com\/wp-content\/uploads\/2023\/01\/video-poster.jpg' data-skip-lazy><source src='https:\/\/www.alexmaconstruction.com\/wp-content\/uploads\/2023\/01\/video-accueil-compressed.mp4' type='video\/mp4' data-skip-lazy><\/video><br \/>\n\t<!--[get_featured_image class=\"home-banner\"]--><\/p>\n<div class=\"container\">\n<div class=\"row align-items-center\">\n<div class=\"col-lg-6\">\n<div class=\"lc-block\">\n<div editable=\"rich\">\n<h1>Votre maison de r\u00eave <br \/>sur mesure en Outaouais!<\/h1>\n<\/p><\/div>\n<\/p><\/div>\n<p><!-- \/lc-block -->\n\t\t\t<\/div>\n<p><!-- \/col --><\/p>\n<div class=\"col-lg-6\">\n<div class=\"lc-block\">\n<div lc-helper=\"shortcode\" class=\"live-shortcode\"><a class=\"white-transparent red-hover contact btn\" href=\"https:\/\/www.alexmaconstruction.com\/fr\/contact\/\" aria-label=\"Prendre rendez-vous d&egrave;s maintenant\">Prendre rendez-vous d\u00e8s maintenant<\/a><\/div>\n<\/p><\/div>\n<p><!-- \/lc-block -->\n\t\t\t<\/div>\n<p><!-- \/col -->\n\t\t<\/div>\n<\/p><\/div>\n<\/section>\n<section class=\"maincontent-container\">\n<div class=\"container\">\n<div class=\"row align-items-center\">\n<div class=\"col-lg-6 col-xxl-5\" data-aos=\"slide-right\" data-aos-once=\"true\">\n<div class=\"lc-block\">\n<div editable=\"rich\">\n<h2>Leader dans la construction de maisons personnalis\u00e9es en Outaouais depuis 2000<\/h2>\n<p>Le Groupe Alexma Construction compte parmi les chefs de file du secteur de la construction r\u00e9sidentielle en Outaouais depuis plusieurs ann\u00e9es. Sp\u00e9cialis\u00e9e dans la r\u00e9alisation de projets vari\u00e9s en construction r\u00e9sidentielle en Outaouais, notre entreprise se concentre particuli\u00e8rement dans la construction de maisons r\u00e9sidentielles: bungalows, maisons unifamiliales deux \u00e9tages, semi-d\u00e9tach\u00e9s, maisons bi-g\u00e9n\u00e9ration, ainsi que le multi-logement (multiplex de 2-4-6-12-24 unit\u00e9s) dans la grande r\u00e9gion de l&rsquo;Outaouais, en plus d\u2019offrir divers services compl\u00e9mentaires \u00e0 la construction de maisons neuves : investissements immobiliers, achat de terrains, design int\u00e9rieur, etc. <\/p>\n<\/p><\/div>\n<\/p><\/div>\n<p><!-- \/lc-block --><\/p>\n<div class=\"lc-block\">\n<div lc-helper=\"shortcode\" class=\"live-shortcode\"><a class=\"btn contact white-transparent red-hover\" href=\"https:\/\/www.alexmaconstruction.com\/fr\/a-propos\/\" aria-label=\"&Agrave; propos\">\u00c0 propos<\/a><\/div>\n<\/p><\/div>\n<p><!-- \/lc-block -->\n\t\t\t<\/div>\n<p><!-- \/col --><\/p>\n<div class=\"col-lg-6 col-xxl-auto ml-auto\" data-aos=\"slide-left\" data-aos-once=\"true\">\n<div class=\"lc-block\">\n<div lc-helper=\"shortcode\" class=\"live-shortcode\"><\/div>\n<\/p><\/div>\n<p><!-- \/lc-block -->\n\t\t\t<\/div>\n<p><!-- \/col -->\n\t\t<\/div>\n<\/p><\/div>\n<\/section>\n<section>\n<div lc-helper=\"shortcode\" class=\"live-shortcode\"><div class=\"homemodels-container\"><div class=\"container\"><div class=\"row no-gutters\"><div class=\"col-12\"><div class=\"models-row\"><div class=\"models-col double\"><div class=\"single-model half-height\"><a href=\"https:\/\/www.alexmaconstruction.com\/fr\/models\/oslo\/\"><div class=\"overlay\" style=\"background-image: url('https:\/\/www.alexmaconstruction.com\/wp-content\/uploads\/2024\/11\/facade-3d-oslo-501x382.jpg')\"><\/div><picture><source srcset=\"https:\/\/www.alexmaconstruction.com\/wp-content\/uploads\/2024\/11\/facade-3d-oslo-501x382.webp\" type=\"image\/webp\"><img decoding=\"async\" src=\"https:\/\/www.alexmaconstruction.com\/wp-content\/uploads\/2024\/11\/facade-3d-oslo-501x382.jpg\" alt=\"\"><\/picture><\/a><\/div><div class=\"single-model half-height\"><a href=\"https:\/\/www.alexmaconstruction.com\/fr\/models\/stockholm\/\"><div class=\"overlay\" style=\"background-image: url('https:\/\/www.alexmaconstruction.com\/wp-content\/uploads\/2024\/10\/facade-stocklholm-501x382.jpg')\"><\/div><picture><source srcset=\"https:\/\/www.alexmaconstruction.com\/wp-content\/uploads\/2024\/10\/facade-stocklholm-501x382.webp\" type=\"image\/webp\"><img decoding=\"async\" src=\"https:\/\/www.alexmaconstruction.com\/wp-content\/uploads\/2024\/10\/facade-stocklholm-501x382.jpg\" alt=\"\"><\/picture><\/a><\/div><\/div><div class=\"models-col double\"><div class=\"single-model half-height\"><a href=\"https:\/\/www.alexmaconstruction.com\/fr\/models\/rubrum\/\"><div class=\"overlay\" style=\"background-image: url('https:\/\/www.alexmaconstruction.com\/wp-content\/uploads\/2022\/09\/FACADE-1-RUBRUM-501x382.jpg')\"><\/div><picture><source srcset=\"https:\/\/www.alexmaconstruction.com\/wp-content\/uploads\/2022\/09\/FACADE-1-RUBRUM-501x382.webp\" type=\"image\/webp\"><img decoding=\"async\" src=\"https:\/\/www.alexmaconstruction.com\/wp-content\/uploads\/2022\/09\/FACADE-1-RUBRUM-501x382.jpg\" alt=\"\"><\/picture><\/a><\/div><div class=\"single-model half-height\"><a href=\"https:\/\/www.alexmaconstruction.com\/fr\/models\/frontenac\/\"><div class=\"overlay\" style=\"background-image: url('https:\/\/www.alexmaconstruction.com\/wp-content\/uploads\/2022\/09\/FACADE-1-FRONTENAC-501x382.jpg')\"><\/div><picture><source srcset=\"https:\/\/www.alexmaconstruction.com\/wp-content\/uploads\/2022\/09\/FACADE-1-FRONTENAC-501x382.webp\" type=\"image\/webp\"><img decoding=\"async\" src=\"https:\/\/www.alexmaconstruction.com\/wp-content\/uploads\/2022\/09\/FACADE-1-FRONTENAC-501x382.jpg\" alt=\"\"><\/picture><\/a><\/div><\/div><div class=\"models-col double\"><div class=\"single-model half-height\"><a href=\"https:\/\/www.alexmaconstruction.com\/fr\/models\/mollis\/\"><div class=\"overlay\" style=\"background-image: url('https:\/\/www.alexmaconstruction.com\/wp-content\/uploads\/2022\/08\/main-content-img-501x382.jpg')\"><\/div><picture><source srcset=\"https:\/\/www.alexmaconstruction.com\/wp-content\/uploads\/2022\/08\/main-content-img-501x382.webp\" type=\"image\/webp\"><img decoding=\"async\" src=\"https:\/\/www.alexmaconstruction.com\/wp-content\/uploads\/2022\/08\/main-content-img-501x382.jpg\" alt=\"\"><\/picture><\/a><\/div><\/div><\/div><\/div><div class=\"col-auto mx-auto mt-5\"><a class=\"btn contact white-transparent red-hover\" href=\"https:\/\/www.alexmaconstruction.com\/fr\/nos-modeles\/\" aria-label=\"Voir tous les mod&egrave;les\">Voir tous les mod\u00e8les<\/a><\/div><\/div><\/div><\/div><\/div>\n<\/section>\n<section>\n<div lc-helper=\"shortcode\" class=\"live-shortcode\"><div class=\"homeservices-container\"><div class=\"container-fluid\"><div class=\"row justify-content-center\"><div class=\"col-12 col-lg-6 col-xxl-4 text-center\"><h2>Nos services<\/h2><\/div><\/div><\/div><div class=\"services-carousel\"><ul class=\"slides\"><li><a href=\"https:\/\/www.alexmaconstruction.com\/fr\/services\/gestion-de-projet\/\" class=\"single-service\"><picture><source srcset=\"https:\/\/www.alexmaconstruction.com\/wp-content\/uploads\/2026\/03\/gestion-projet-385x779.webp\" type=\"image\/webp\"><img loading=\"lazy\" decoding=\"async\" width=\"385\" height=\"779\" src=\"https:\/\/www.alexmaconstruction.com\/wp-content\/uploads\/2026\/03\/gestion-projet-385x779.jpg\" class=\"img-fluid skip-lazy wp-post-image\" alt=\"\" \/><\/picture><div class=\"single-service-overlay\" ><h3>Gestion de projet<\/h3><p>Nous offrons deux fa\u00e7ons de r\u00e9aliser une maison neuve : le service cl\u00e9 en main et la gestion de projet en collaboration.<\/p><span class=\"single-overlay-hover\"><\/span><\/div><\/a><\/li><li><a href=\"https:\/\/www.alexmaconstruction.com\/fr\/services\/maison-personnalisee\/\" class=\"single-service\"><picture><source srcset=\"https:\/\/www.alexmaconstruction.com\/wp-content\/uploads\/2022\/09\/FACADE-2-385x779.webp\" type=\"image\/webp\"><img loading=\"lazy\" decoding=\"async\" width=\"385\" height=\"779\" src=\"https:\/\/www.alexmaconstruction.com\/wp-content\/uploads\/2022\/09\/FACADE-2-385x779.jpg\" class=\"img-fluid skip-lazy wp-post-image\" alt=\"\" \/><\/picture><div class=\"single-service-overlay\" ><h3>Maison personnalis\u00e9e<\/h3><p>Choisissez votre plan de maison parmi plus de 35 mod\u00e8les disponibles.<\/p><span class=\"single-overlay-hover\"><\/span><\/div><\/a><\/li><li><a href=\"https:\/\/www.alexmaconstruction.com\/fr\/services\/investisseurs-immobiliers\/\" class=\"single-service\"><picture><source srcset=\"https:\/\/www.alexmaconstruction.com\/wp-content\/uploads\/2024\/12\/facade-12-logis-1-385x779.webp\" type=\"image\/webp\"><img loading=\"lazy\" decoding=\"async\" width=\"385\" height=\"779\" src=\"https:\/\/www.alexmaconstruction.com\/wp-content\/uploads\/2024\/12\/facade-12-logis-1-385x779.jpg\" class=\"img-fluid skip-lazy wp-post-image\" alt=\"\" \/><\/picture><div class=\"single-service-overlay\" ><h3>Investisseurs immobiliers<\/h3><p>Le Groupe Alexma Construction vous offre une exp\u00e9rience d'investissement in\u00e9gal\u00e9e dans le secteur de la construction r\u00e9sidentielle.<\/p><span class=\"single-overlay-hover\"><\/span><\/div><\/a><\/li><li><a href=\"https:\/\/www.alexmaconstruction.com\/fr\/services\/achat-de-terrains\/\" class=\"single-service\"><picture><source srcset=\"https:\/\/www.alexmaconstruction.com\/wp-content\/uploads\/2022\/08\/achat-terrain-385x779.webp\" type=\"image\/webp\"><img loading=\"lazy\" decoding=\"async\" width=\"385\" height=\"779\" src=\"https:\/\/www.alexmaconstruction.com\/wp-content\/uploads\/2022\/08\/achat-terrain-385x779.jpg\" class=\"img-fluid skip-lazy wp-post-image\" alt=\"\" \/><\/picture><div class=\"single-service-overlay\" ><h3>Achat de terrains<\/h3><p>Vous n'avez pas de terrain sur lequel faire construire votre nouvelle propri\u00e9t\u00e9?<\/p><span class=\"single-overlay-hover\"><\/span><\/div><\/a><\/li><li><a href=\"https:\/\/www.alexmaconstruction.com\/fr\/services\/design-interieur\/\" class=\"single-service\"><picture><source srcset=\"https:\/\/www.alexmaconstruction.com\/wp-content\/uploads\/2022\/08\/1-385x682.webp\" type=\"image\/webp\"><img loading=\"lazy\" decoding=\"async\" width=\"385\" height=\"682\" src=\"https:\/\/www.alexmaconstruction.com\/wp-content\/uploads\/2022\/08\/1-385x682.jpg\" class=\"img-fluid skip-lazy wp-post-image\" alt=\"\" \/><\/picture><div class=\"single-service-overlay\" ><h3>Design int\u00e9rieur<\/h3><p>Besoin d\u2019un \u0153il d\u2019expert pour am\u00e9nager et d\u00e9corer votre nouvelle propri\u00e9t\u00e9?<\/p><span class=\"single-overlay-hover\"><\/span><\/div><\/a><\/li><\/ul><\/div><\/div><\/div>\n<\/section>\n","protected":false},"excerpt":{"rendered":"<p>Votre maison de r\u00eave sur mesure en Outaouais! Leader dans la construction de maisons personnalis\u00e9es en Outaouais depuis 2000 Le Groupe Alexma Construction compte parmi les chefs de file du secteur de la construction r\u00e9sidentielle en Outaouais depuis plusieurs ann\u00e9es. Sp\u00e9cialis\u00e9e dans la r\u00e9alisation de projets vari\u00e9s en construction r\u00e9sidentielle en Outaouais, notre entreprise se [&hellip;]<\/p>\n","protected":false},"author":1,"featured_media":597,"parent":10,"menu_order":0,"comment_status":"closed","ping_status":"open","template":"","meta":{"_acf_changed":false,"footnotes":""},"class_list":["post-2","page","type-page","status-publish","has-post-thumbnail","hentry"],"acf":[],"_links":{"self":[{"href":"https:\/\/www.alexmaconstruction.com\/fr\/wp-json\/wp\/v2\/pages\/2","targetHints":{"allow":["GET"]}}],"collection":[{"href":"https:\/\/www.alexmaconstruction.com\/fr\/wp-json\/wp\/v2\/pages"}],"about":[{"href":"https:\/\/www.alexmaconstruction.com\/fr\/wp-json\/wp\/v2\/types\/page"}],"author":[{"embeddable":true,"href":"https:\/\/www.alexmaconstruction.com\/fr\/wp-json\/wp\/v2\/users\/1"}],"replies":[{"embeddable":true,"href":"https:\/\/www.alexmaconstruction.com\/fr\/wp-json\/wp\/v2\/comments?post=2"}],"version-history":[{"count":15,"href":"https:\/\/www.alexmaconstruction.com\/fr\/wp-json\/wp\/v2\/pages\/2\/revisions"}],"predecessor-version":[{"id":4268,"href":"https:\/\/www.alexmaconstruction.com\/fr\/wp-json\/wp\/v2\/pages\/2\/revisions\/4268"}],"up":[{"embeddable":true,"href":"https:\/\/www.alexmaconstruction.com\/fr\/wp-json\/wp\/v2\/pages\/10"}],"wp:featuredmedia":[{"embeddable":true,"href":"https:\/\/www.alexmaconstruction.com\/fr\/wp-json\/wp\/v2\/media\/597"}],"wp:attachment":[{"href":"https:\/\/www.alexmaconstruction.com\/fr\/wp-json\/wp\/v2\/media?parent=2"}],"curies":[{"name":"wp","href":"https:\/\/api.w.org\/{rel}","templated":true}]}}