{"id":10,"date":"2022-08-22T09:47:19","date_gmt":"2022-08-22T13:47:19","guid":{"rendered":"https:\/\/www.alexmaconstruction.com\/?page_id=10"},"modified":"2026-03-06T09:03:20","modified_gmt":"2026-03-06T14:03:20","slug":"a-propos","status":"publish","type":"page","link":"https:\/\/www.alexmaconstruction.com\/fr\/a-propos\/","title":{"rendered":"\u00c0 propos"},"content":{"rendered":"<section class=\"topservice-container\">\n\t<picture><source srcset=\"https:\/\/www.alexmaconstruction.com\/wp-content\/uploads\/2022\/08\/location-commercial.webp\" type=\"image\/webp\"><img loading=\"lazy\" decoding=\"async\" width=\"1903\" height=\"936\" src=\"https:\/\/www.alexmaconstruction.com\/wp-content\/uploads\/2022\/08\/location-commercial.jpg\" class=\"img-fluid  wp-post-image\" alt=\"\" srcset=\"https:\/\/www.alexmaconstruction.com\/wp-content\/uploads\/2022\/08\/location-commercial.jpg 1903w, https:\/\/www.alexmaconstruction.com\/wp-content\/uploads\/2022\/08\/location-commercial-300x148.jpg 300w, https:\/\/www.alexmaconstruction.com\/wp-content\/uploads\/2022\/08\/location-commercial-1024x504.jpg 1024w, https:\/\/www.alexmaconstruction.com\/wp-content\/uploads\/2022\/08\/location-commercial-768x378.jpg 768w, https:\/\/www.alexmaconstruction.com\/wp-content\/uploads\/2022\/08\/location-commercial-1536x755.jpg 1536w, https:\/\/www.alexmaconstruction.com\/wp-content\/uploads\/2022\/08\/location-commercial-534x263.jpg 534w\" sizes=\"auto, (max-width: 1903px) 100vw, 1903px\" \/><\/picture><\/p>\n<div class=\"container\">\n<div class=\"row\">\n<div class=\"col-12 col-lg-6\">\n<div class=\"lc-block\">\n<div editable=\"rich\">\n<h1>\u00c0 propos<\/h1>\n<\/p><\/div>\n<\/p><\/div>\n<p><!-- \/lc-block -->\n\t\t\t<\/div>\n<\/p><\/div>\n<\/p><\/div>\n<\/section>\n<section class=\"content-container\">\n<div class=\"container\">\n<div class=\"row\">\n<div class=\"col-lg-6\" data-aos=\"slide-right\" data-aos-once=\"true\">\n<div class=\"lc-block\">\n<div editable=\"rich\">\n<p>Notre mission est claire ; construire des habitations durables qui valorisent le bien-\u00eatre de nos clients et de notre communaut\u00e9. Nous livrons des projets de qualit\u00e9 sup\u00e9rieure gr\u00e2ce \u00e0 notre rigueur et une collaboration authentique. Ensemble, construisons un mode de vie. <\/p>\n<p>Sous le leadership de M. Mario Laurin, pr\u00e9sident du Groupe Alexma Construction, notre \u00e9quipe s\u2019engage \u00e0 offrir une collaboration harmonieuse et efficace, dans le domaine de la construction r\u00e9sidentielle. Notre approche repose sur des principes fondamentaux tels que l\u2019\u00e9thique, la rigueur de la planification, l\u2019\u00e9coute attentive de vos besoins, un excellent rapport qualit\u00e9-prix ainsi qu\u2019un service apr\u00e8s-vente attentif et structur\u00e9. Cette philosophie, jumel\u00e9e \u00e0 une attention soutenue aux d\u00e9tails, au respect des plus hauts standards de qualit\u00e9 et \u00e0 un contr\u00f4le rigoureux des travaux, constitue le fondement de chacun de nos projets et nous permet de r\u00e9pondre avec constance aux attentes de notre client\u00e8le, m\u00eame dans un contexte hautement concurrentiel. <\/p>\n<p>D\u00e8s la premi\u00e8re rencontre avec l\u2019un de nos conseillers, une analyse approfondie de vos besoins est effectu\u00e9e. Cette d\u00e9marche nous permet de vous accompagner efficacement \u00e0 chaque \u00e9tape de votre projet, en tenant compte des \u00e9ch\u00e9anciers, du budget, des caract\u00e9ristiques des mod\u00e8les, de la topologie du terrain, du plan de r\u00e9alisation ainsi que des normes de construction en vigueur. <\/p>\n<p>Depuis l\u2019an 2000, le Groupe Alexma Construction se sp\u00e9cialise dans la r\u00e9alisation de maisons et de b\u00e2timent de multi-logements respectant des normes environnementales \u00e9lev\u00e9es, dans une vision responsable du d\u00e9veloppement. <\/p>\n<p>Nous proposons un \u00e9ventail de solutions \u00e9cologiques visant \u00e0 offrir des habitations de proximit\u00e9, durables et performantes sur le plan \u00e9nerg\u00e9tique. En effet, nos d\u00e9veloppements misent sur la densification urbaine et sont situ\u00e9s \u00e0 proximit\u00e9 des \u00e9coles, les commerces, les p\u00f4les d\u2019emploi et les transports en commun, assurant une forte attractivit\u00e9 locative. Nos habitations se distinguent \u00e9galement par leur conception moderne et \u00e0 caract\u00e8re \u00e9cologique, int\u00e9grant des solutions \u00e9co\u00e9nerg\u00e9tiques, des mat\u00e9riaux durables et une optimisation des espaces visant \u00e0 r\u00e9duire l\u2019empreinte environnementale tout en maximisant le confort et la valeur \u00e0 long terme. <\/p>\n<\/p><\/div>\n<\/p><\/div>\n<p><!-- \/lc-block --><br \/>\n\t\t\t\t<!-- \/lc-block -->\n\t\t\t<\/div>\n<p><!-- \/col --><\/p>\n<div class=\"col-lg-6 col-xxl-5 ml-auto\" data-aos=\"slide-left\" data-aos-once=\"true\">\n<div class=\"lc-block\">\n\t\t\t\t\t<picture><source srcset=\"https:\/\/www.alexmaconstruction.com\/wp-content\/uploads\/2022\/08\/main-content-img.webp\" type=\"image\/webp\"><img loading=\"lazy\" decoding=\"async\" class=\"img-fluid wp-image-52\" src=\"https:\/\/www.alexmaconstruction.com\/wp-content\/uploads\/2022\/08\/main-content-img.jpg\" width=\"771\" height=\"632\" srcset=\"https:\/\/www.alexmaconstruction.com\/wp-content\/uploads\/2022\/08\/main-content-img.jpg 771w, https:\/\/www.alexmaconstruction.com\/wp-content\/uploads\/2022\/08\/main-content-img-300x246.jpg 300w, https:\/\/www.alexmaconstruction.com\/wp-content\/uploads\/2022\/08\/main-content-img-768x630.jpg 768w, https:\/\/www.alexmaconstruction.com\/wp-content\/uploads\/2022\/08\/main-content-img-366x300.jpg 366w\" sizes=\"auto, (max-width: 771px) 100vw, 771px\" alt=\"\"><\/picture>\n\t\t\t\t<\/div>\n<p><!-- \/lc-block --><\/p>\n<div class=\"lc-block\">\n<div editable=\"rich\">\n\t\t\t\t\t\t<\/p>\n<h2>Reconnu \u00e0 maintes reprises pour son excellence, le Groupe Alexma Construction est r\u00e9cipiendaire de plusieurs distinctions au fil des ans<\/h2>\n<p>Parmi celles-ci figurent la&nbsp;certification DIAMANT \u00e0 titre de Ma\u00eetre Constructeur de l\u2019APCHQ, ainsi qu\u2019une cote technique AA attribu\u00e9e par la GCR.<\/p>\n<p>Nous vous invitons \u00e0 rencontrer notre \u00e9quipe \u00e0 nos bureaux afin d\u2019obtenir une estimation personnalis\u00e9e pour votre projet de maison sur mesure. <\/p>\n<p><strong>Construisez un mode de vie avec le Groupe Alexma Construction !&nbsp;<\/strong><\/p>\n<\/p><\/div>\n<\/p><\/div>\n<\/p><\/div>\n<p><!-- \/col -->\n\t\t<\/div>\n<div class=\"row mt-5\">\n<div class=\"col-lg-6 order-1 order-lg-2 ml-auto\" data-aos=\"slide-left\" data-aos-once=\"true\">\n<div class=\"lc-block\">\n<div editable=\"rich\">\n<h2>MOT DE MARIO LAURIN <\/h2>\n<p>Chers clients,<\/p>\n<p>\u00c0 titre de pr\u00e9sident du Groupe Alexma Construction, je vous souhaite la bienvenue et vous remercie de l\u2019int\u00e9r\u00eat que vous portez \u00e0 notre entreprise. Depuis l\u2019an 2000, nous \u0153uvrons avec passion dans le domaine de la construction r\u00e9sidentielle, r\u00e9alisant des projets vari\u00e9s tels que des bungalows, maisons unifamiliales \u00e0 deux \u00e9tages, semi-d\u00e9tach\u00e9s, habitations big\u00e9n\u00e9rationnelles ainsi que des immeubles multi-logements, allant de 2 \u00e0 24 unit\u00e9s, partout dans la grande r\u00e9gion de l\u2019Outaouais. <\/p>\n<p>Comme p\u00e8re de famille et entrepreneur g\u00e9n\u00e9ral, je suis pleinement conscient de l\u2019importance que repr\u00e9sente l\u2019acquisition d\u2019une maison neuve. Il s\u2019agit d\u2019un investissement majeur et d\u2019un choix de vie d\u00e9terminant. C\u2019est pourquoi notre \u00e9quipe s\u2019engage \u00e0 offrir un accompagnement rigoureux et personnalis\u00e9, assur\u00e9 par des conseillers \u00e0 l\u2019\u00e9coute, comp\u00e9tents et soucieux de traduire vos besoins, vos attentes et votre vision en un projet concret, durable et de grande qualit\u00e9. <\/p>\n<p>Chez le Groupe Alexma Construction, chaque maison est con\u00e7ue et b\u00e2tie selon des standards \u00e9lev\u00e9s de qualit\u00e9, de performance et de durabilit\u00e9. Nous privil\u00e9gions des m\u00e9thodes de construction responsables, des mat\u00e9riaux durables et des solutions favorisant l\u2019efficacit\u00e9 \u00e9nerg\u00e9tique, afin d\u2019offrir \u00e0 nos clients des habitations confortables, p\u00e9rennes et respectueuses de l\u2019environnement. <\/p>\n<p>Je vous invite \u00e0 parcourir notre site web et \u00e0 venir rencontrer notre \u00e9quipe \u00e0 nos bureaux afin de d\u00e9couvrir l\u2019ensemble des options qui s\u2019offrent \u00e0 vous. Que vous choisissiez parmi nos mod\u00e8les existants, que vous souhaitiez construire \u00e0 partir de vos propres plans ou que vous poss\u00e9diez d\u00e9j\u00e0 un terrain, nous serons heureux de vous accompagner et de vous fournir une estimation d\u00e9taill\u00e9e et transparente pour votre projet. <\/p>\n<p>Venez vivre l\u2019exp\u00e9rience d\u2019une maison sign\u00e9e Groupe Alexma Construction, con\u00e7ue avec rigueur, b\u00e2tie pour durer et pens\u00e9e pour votre style de vie. Vous b\u00e9n\u00e9ficierez d\u2019une collaboration professionnelle, d\u2019un suivi constant et d\u2019un service \u00e0 la hauteur de vos attentes. <\/p>\n<p>Au plaisir de vous rencontrer,<br \/>Mario Laurin<br \/>Pr\u00e9sident<br \/>Le Groupe Alexma Construction<\/p>\n<\/p><\/div>\n<\/p><\/div>\n<p><!-- \/lc-block --><br \/>\n\t\t\t\t<!-- \/lc-block -->\n\t\t\t<\/div>\n<p><!-- \/col --><\/p>\n<div class=\"col-lg-6 col-xxl-5 order-2 order-lg-1\" data-aos=\"slide-right\" data-aos-once=\"true\">\n<div class=\"lc-block\">\n<div class=\"embed-responsive embed-responsive-16by9\" lc-helper=\"video-embed\">\n\t\t\t\t\t\t<iframe class=\"embed-responsive-item\" data-src=\"https:\/\/www.youtube.com\/embed\/uXedlrxx-tM?feature=oembed\"><\/iframe>\n\t\t\t\t\t<\/div>\n<\/p><\/div>\n<p><!-- \/lc-block -->\n\t\t\t<\/div>\n<p><!-- \/col -->\n\t\t<\/div>\n<\/p><\/div>\n<\/section>\n","protected":false},"excerpt":{"rendered":"<p>\u00c0 propos Notre mission est claire ; construire des habitations durables qui valorisent le bien-\u00eatre de nos clients et de notre communaut\u00e9. Nous livrons des projets de qualit\u00e9 sup\u00e9rieure gr\u00e2ce \u00e0 notre rigueur et une collaboration authentique. Ensemble, construisons un mode de vie. Sous le leadership de M. Mario Laurin, pr\u00e9sident du Groupe Alexma Construction, [&hellip;]<\/p>\n","protected":false},"author":1,"featured_media":168,"parent":0,"menu_order":0,"comment_status":"closed","ping_status":"closed","template":"","meta":{"_acf_changed":false,"footnotes":""},"class_list":["post-10","page","type-page","status-publish","has-post-thumbnail","hentry"],"acf":[],"_links":{"self":[{"href":"https:\/\/www.alexmaconstruction.com\/fr\/wp-json\/wp\/v2\/pages\/10","targetHints":{"allow":["GET"]}}],"collection":[{"href":"https:\/\/www.alexmaconstruction.com\/fr\/wp-json\/wp\/v2\/pages"}],"about":[{"href":"https:\/\/www.alexmaconstruction.com\/fr\/wp-json\/wp\/v2\/types\/page"}],"author":[{"embeddable":true,"href":"https:\/\/www.alexmaconstruction.com\/fr\/wp-json\/wp\/v2\/users\/1"}],"replies":[{"embeddable":true,"href":"https:\/\/www.alexmaconstruction.com\/fr\/wp-json\/wp\/v2\/comments?post=10"}],"version-history":[{"count":15,"href":"https:\/\/www.alexmaconstruction.com\/fr\/wp-json\/wp\/v2\/pages\/10\/revisions"}],"predecessor-version":[{"id":3886,"href":"https:\/\/www.alexmaconstruction.com\/fr\/wp-json\/wp\/v2\/pages\/10\/revisions\/3886"}],"wp:featuredmedia":[{"embeddable":true,"href":"https:\/\/www.alexmaconstruction.com\/fr\/wp-json\/wp\/v2\/media\/168"}],"wp:attachment":[{"href":"https:\/\/www.alexmaconstruction.com\/fr\/wp-json\/wp\/v2\/media?parent=10"}],"curies":[{"name":"wp","href":"https:\/\/api.w.org\/{rel}","templated":true}]}}