{"id":481,"date":"2022-08-22T09:06:50","date_gmt":"2022-08-22T13:06:50","guid":{"rendered":"https:\/\/www.alexmaconstruction.com\/?page_id=481"},"modified":"2025-04-16T14:36:59","modified_gmt":"2025-04-16T18:36:59","slug":"home","status":"publish","type":"page","link":"https:\/\/www.alexmaconstruction.com\/en\/","title":{"rendered":"Home"},"content":{"rendered":"<section class=\"topmain-container\">\n\t<div class=\"sound-button\"><\/div><video loop muted autoplay preload='none' poster='https:\/\/www.alexmaconstruction.com\/wp-content\/uploads\/2023\/01\/video-poster.jpg' data-skip-lazy><source src='https:\/\/www.alexmaconstruction.com\/wp-content\/uploads\/2023\/01\/video-accueil-compressed.mp4' type='video\/mp4' data-skip-lazy><\/video><br \/>\n\t<!--[get_featured_image class=\"home-banner\"]--><\/p>\n<div class=\"container\">\n<div class=\"row align-items-center\">\n<div class=\"col-lg-6\">\n<div class=\"lc-block\">\n<div editable=\"rich\">\n<h1>Your customized dream<br \/> home in the Outaouais!<\/h1>\n<\/p><\/div>\n<\/p><\/div>\n<p><!-- \/lc-block -->\n\t\t\t<\/div>\n<p><!-- \/col --><\/p>\n<div class=\"col-lg-6\">\n<div class=\"lc-block\">\n<div lc-helper=\"shortcode\" class=\"live-shortcode\"><a class=\"white-transparent red-hover contact btn\" href=\"https:\/\/www.alexmaconstruction.com\/fr\/contact\/\" aria-label=\"Make an appointement now!\">Make an appointement now!<\/a><\/div>\n<\/p><\/div>\n<p><!-- \/lc-block -->\n\t\t\t<\/div>\n<p><!-- \/col -->\n\t\t<\/div>\n<\/p><\/div>\n<\/section>\n<section class=\"maincontent-container\">\n<div class=\"container\">\n<div class=\"row align-items-center\">\n<div class=\"col-lg-6 col-xxl-5\" data-aos=\"slide-right\" data-aos-once=\"true\">\n<div class=\"lc-block\">\n<div editable=\"rich\">\n<h2>LEADER IN CUSTOMIZED HOME CONSTRUCTION SINCE 2000<\/h2>\n<p>Le Groupe Alexma Construction has been a leader in the residential construction sector in the Outaouais for several years. Specializing in a variety of residential construction projects in the Outaouais, our company focuses particularly on the construction of residential homes: bungalows, two-story single-family homes, semi-detached houses, multi-generational homes, as well as multi-unit buildings (multiplexes with 2-4-6-12-24 units) in the greater Outaouais region. We also offer various complementary services related to new home construction: real estate investments, land purchases, interior design, and more.<\/p>\n<\/p><\/div>\n<\/p><\/div>\n<p><!-- \/lc-block --><\/p>\n<div class=\"lc-block\">\n<div lc-helper=\"shortcode\" class=\"live-shortcode\"><a class=\"btn contact white-transparent red-hover\" href=\"https:\/\/www.alexmaconstruction.com\/fr\/a-propos\/\" aria-label=\"About us\">About us<\/a><\/div>\n<\/p><\/div>\n<p><!-- \/lc-block -->\n\t\t\t<\/div>\n<p><!-- \/col --><\/p>\n<div class=\"col-lg-6 col-xxl-auto ml-auto\" data-aos=\"slide-left\" data-aos-once=\"true\">\n<div class=\"lc-block\">\n<div lc-helper=\"shortcode\" class=\"live-shortcode\"><\/div>\n<\/p><\/div>\n<p><!-- \/lc-block -->\n\t\t\t<\/div>\n<p><!-- \/col -->\n\t\t<\/div>\n<\/p><\/div>\n<\/section>\n<section>\n<div lc-helper=\"shortcode\" class=\"live-shortcode\"><div class=\"homemodels-container\"><div class=\"container\"><div class=\"row no-gutters\"><div class=\"col-12\"><div class=\"models-row\"><div class=\"models-col\"><div class=\"single-model full-height\"><a href=\"https:\/\/www.alexmaconstruction.com\/en\/models\/12-units\/\"><div class=\"overlay\" style=\"background-image: url('https:\/\/www.alexmaconstruction.com\/wp-content\/uploads\/2024\/12\/facade-12-logis-1-504x776.jpg')\"><\/div><picture><source srcset=\"https:\/\/www.alexmaconstruction.com\/wp-content\/uploads\/2024\/12\/facade-12-logis-1-504x776.webp\" type=\"image\/webp\"><img decoding=\"async\" src=\"https:\/\/www.alexmaconstruction.com\/wp-content\/uploads\/2024\/12\/facade-12-logis-1-504x776.jpg\" alt=\"\"><\/picture><\/a><\/div><\/div><div class=\"models-col double\"><div class=\"single-model half-height\"><a href=\"https:\/\/www.alexmaconstruction.com\/en\/models\/rubrum\/\"><div class=\"overlay\" style=\"background-image: url('https:\/\/www.alexmaconstruction.com\/wp-content\/uploads\/2022\/09\/FACADE-1-RUBRUM-501x382.jpg')\"><\/div><picture><source srcset=\"https:\/\/www.alexmaconstruction.com\/wp-content\/uploads\/2022\/09\/FACADE-1-RUBRUM-501x382.webp\" type=\"image\/webp\"><img decoding=\"async\" src=\"https:\/\/www.alexmaconstruction.com\/wp-content\/uploads\/2022\/09\/FACADE-1-RUBRUM-501x382.jpg\" alt=\"\"><\/picture><\/a><\/div><div class=\"single-model half-height\"><a href=\"https:\/\/www.alexmaconstruction.com\/en\/models\/frontenac\/\"><div class=\"overlay\" style=\"background-image: url('https:\/\/www.alexmaconstruction.com\/wp-content\/uploads\/2022\/09\/FACADE-1-FRONTENAC-501x382.jpg')\"><\/div><picture><source srcset=\"https:\/\/www.alexmaconstruction.com\/wp-content\/uploads\/2022\/09\/FACADE-1-FRONTENAC-501x382.webp\" type=\"image\/webp\"><img decoding=\"async\" src=\"https:\/\/www.alexmaconstruction.com\/wp-content\/uploads\/2022\/09\/FACADE-1-FRONTENAC-501x382.jpg\" alt=\"\"><\/picture><\/a><\/div><\/div><div class=\"models-col\"><div class=\"single-model full-height\"><a href=\"https:\/\/www.alexmaconstruction.com\/en\/models\/mollis\/\"><div class=\"overlay\" style=\"background-image: url('https:\/\/www.alexmaconstruction.com\/wp-content\/uploads\/2022\/08\/main-content-img.jpg')\"><\/div><picture><source srcset=\"https:\/\/www.alexmaconstruction.com\/wp-content\/uploads\/2022\/08\/main-content-img.webp\" type=\"image\/webp\"><img decoding=\"async\" src=\"https:\/\/www.alexmaconstruction.com\/wp-content\/uploads\/2022\/08\/main-content-img.jpg\" alt=\"\"><\/picture><\/a><\/div><\/div><\/div><\/div><div class=\"col-auto mx-auto mt-5\"><a class=\"btn contact white-transparent red-hover\" href=\"https:\/\/www.alexmaconstruction.com\/fr\/nos-modeles\/\" aria-label=\"Voir tous les mod&egrave;les\">Voir tous les mod\u00e8les<\/a><\/div><\/div><\/div><\/div><\/div>\n<\/section>\n<section>\n<div lc-helper=\"shortcode\" class=\"live-shortcode\"><div class=\"homeservices-container\"><div class=\"container-fluid\"><div class=\"row justify-content-center\"><div class=\"col-12 col-lg-6 col-xxl-4 text-center\"><h2>Our services<\/h2><\/div><\/div><\/div><div class=\"services-carousel\"><ul class=\"slides\"><li><a href=\"https:\/\/www.alexmaconstruction.com\/en\/services\/customized-home-services\/\" class=\"single-service\"><picture><source srcset=\"https:\/\/www.alexmaconstruction.com\/wp-content\/uploads\/2022\/09\/FACADE-2-385x779.webp\" type=\"image\/webp\"><img loading=\"lazy\" decoding=\"async\" width=\"385\" height=\"779\" src=\"https:\/\/www.alexmaconstruction.com\/wp-content\/uploads\/2022\/09\/FACADE-2-385x779.jpg\" class=\"img-fluid skip-lazy wp-post-image\" alt=\"\" \/><\/picture><div class=\"single-service-overlay\" ><h3>Customized Home Services<\/h3><p>Choose your house plan from over 35 available models.<\/p><span class=\"single-overlay-hover\"><\/span><\/div><\/a><\/li><li><a href=\"https:\/\/www.alexmaconstruction.com\/en\/services\/real-estate-investor\/\" class=\"single-service\"><picture><source srcset=\"https:\/\/www.alexmaconstruction.com\/wp-content\/uploads\/2024\/12\/facade-12-logis-1-385x779.webp\" type=\"image\/webp\"><img loading=\"lazy\" decoding=\"async\" width=\"385\" height=\"779\" src=\"https:\/\/www.alexmaconstruction.com\/wp-content\/uploads\/2024\/12\/facade-12-logis-1-385x779.jpg\" class=\"img-fluid skip-lazy wp-post-image\" alt=\"\" \/><\/picture><div class=\"single-service-overlay\" ><h3>Real Estate Investor<\/h3><p>The Alexma Construction Group offers you an unparalleled investment experience in the residential construction sector.<\/p><span class=\"single-overlay-hover\"><\/span><\/div><\/a><\/li><li><a href=\"https:\/\/www.alexmaconstruction.com\/en\/services\/land-purchase\/\" class=\"single-service\"><picture><source srcset=\"https:\/\/www.alexmaconstruction.com\/wp-content\/uploads\/2022\/08\/achat-terrain-385x779.webp\" type=\"image\/webp\"><img loading=\"lazy\" decoding=\"async\" width=\"385\" height=\"779\" src=\"https:\/\/www.alexmaconstruction.com\/wp-content\/uploads\/2022\/08\/achat-terrain-385x779.jpg\" class=\"img-fluid skip-lazy wp-post-image\" alt=\"\" \/><\/picture><div class=\"single-service-overlay\" ><h3>Land purchase<\/h3><p>You don't have land on which to build your new property?<\/p><span class=\"single-overlay-hover\"><\/span><\/div><\/a><\/li><li><a href=\"https:\/\/www.alexmaconstruction.com\/en\/services\/interior-design\/\" class=\"single-service\"><picture><source srcset=\"https:\/\/www.alexmaconstruction.com\/wp-content\/uploads\/2022\/08\/1-385x682.webp\" type=\"image\/webp\"><img loading=\"lazy\" decoding=\"async\" width=\"385\" height=\"682\" src=\"https:\/\/www.alexmaconstruction.com\/wp-content\/uploads\/2022\/08\/1-385x682.jpg\" class=\"img-fluid skip-lazy wp-post-image\" alt=\"\" \/><\/picture><div class=\"single-service-overlay\" ><h3>Interior design<\/h3><p>Need an expert eye to design and decorate your new property?<\/p><span class=\"single-overlay-hover\"><\/span><\/div><\/a><\/li><li><a href=\"https:\/\/www.alexmaconstruction.com\/en\/services\/gestion-de-projet\/\" class=\"single-service\"><picture><source srcset=\"https:\/\/www.alexmaconstruction.com\/wp-content\/uploads\/2026\/03\/gestion-projet-385x779.webp\" type=\"image\/webp\"><img loading=\"lazy\" decoding=\"async\" width=\"385\" height=\"779\" src=\"https:\/\/www.alexmaconstruction.com\/wp-content\/uploads\/2026\/03\/gestion-projet-385x779.jpg\" class=\"img-fluid skip-lazy wp-post-image\" alt=\"\" \/><\/picture><div class=\"single-service-overlay\" ><h3>Gestion de projet<\/h3><p>Nous offrons deux fa\u00e7ons de r\u00e9aliser une maison neuve : le service cl\u00e9 en main et la gestion de projet en collaboration.<\/p><span class=\"single-overlay-hover\"><\/span><\/div><\/a><\/li><\/ul><\/div><\/div><\/div>\n<\/section>\n<section class=\"homenews-container\">\n<div class=\"container\">\n<div class=\"row align-items-end\">\n<div class=\"col-xl-6\">\n<div class=\"lc-block nouvelle-side-img\">\n\t\t\t\t\t<picture><source srcset=\"https:\/\/www.alexmaconstruction.com\/wp-content\/uploads\/2022\/08\/nouvelle-side-img.webp\" type=\"image\/webp\"><img loading=\"lazy\" decoding=\"async\" class=\"img-fluid wp-image-74\" src=\"https:\/\/www.alexmaconstruction.com\/wp-content\/uploads\/2022\/08\/nouvelle-side-img.jpg\" width=\"957\" height=\"879\" srcset=\"https:\/\/www.alexmaconstruction.com\/wp-content\/uploads\/2022\/08\/nouvelle-side-img.jpg 957w, https:\/\/www.alexmaconstruction.com\/wp-content\/uploads\/2022\/08\/nouvelle-side-img-300x276.jpg 300w, https:\/\/www.alexmaconstruction.com\/wp-content\/uploads\/2022\/08\/nouvelle-side-img-768x705.jpg 768w, https:\/\/www.alexmaconstruction.com\/wp-content\/uploads\/2022\/08\/nouvelle-side-img-327x300.jpg 327w\" sizes=\"auto, (max-width: 957px) 100vw, 957px\" alt=\"\"><\/picture>\n\t\t\t\t<\/div>\n<p><!-- \/lc-block -->\n\t\t\t<\/div>\n<p><!-- \/col --><\/p>\n<div class=\"col-xl-6\">\n<div class=\"lc-block\">\n<div lc-helper=\"shortcode\" class=\"live-shortcode\"><div class=\"home-nouvelle\"><div class=\"home-nouvelle-title\"><h3>News<\/h3><\/div><div class=\"single-home-nouvelle\"><a href=\"https:\/\/www.alexmaconstruction.com\/en\/diamand-award\/\" class=\"home-nouvelle-img\"><picture><source srcset=\"https:\/\/www.alexmaconstruction.com\/wp-content\/uploads\/2023\/02\/trophee-1-320x316.webp\" type=\"image\/webp\"><img loading=\"lazy\" decoding=\"async\" width=\"320\" height=\"316\" src=\"https:\/\/www.alexmaconstruction.com\/wp-content\/uploads\/2023\/02\/trophee-1-320x316.jpg\" class=\"img-fluid wp-post-image\" alt=\"\" \/><\/picture><\/a><div class=\"home-single-nouvelle-content\"><a href=\"https:\/\/www.alexmaconstruction.com\/en\/diamand-award\/\" class=\"home-single-nouvelle-title\">Diamand Award<\/a><a href=\"https:\/\/www.alexmaconstruction.com\/en\/diamand-award\/\" class=\"home-single-nouvelle-link\">Lire plus<\/a><\/div><\/div><div class=\"home-all-news\"><a class=\"btn contact white-transparent red-hover\" href=\"https:\/\/www.alexmaconstruction.com\/fr\/nouvelles\/\" aria-label=\"Toutes les nouvelles\">Toutes les nouvelles<\/a><\/div><\/div><div class=\"dream-content\"><div class=\"dream-content-text\"><p>Realize your dream <span>now<\/span><\/p><\/div><div class=\"dream-content-btn\"><a class=\"white-transparent black-hover contact btn\" href=\"https:\/\/www.alexmaconstruction.com\/fr\/contact\/\" aria-label=\"Contact us\">Contact us<\/a><\/div><\/div><\/div>\n<\/p><\/div>\n<p><!-- \/lc-block -->\n\t\t\t<\/div>\n<p><!-- \/col -->\n\t\t<\/div>\n<\/p><\/div>\n<\/section>\n","protected":false},"excerpt":{"rendered":"<p>Your customized dream home in the Outaouais! LEADER IN CUSTOMIZED HOME CONSTRUCTION SINCE 2000 Le Groupe Alexma Construction has been a leader in the residential construction sector in the Outaouais for several years. Specializing in a variety of residential construction projects in the Outaouais, our company focuses particularly on the construction of residential homes: bungalows, [&hellip;]<\/p>\n","protected":false},"author":1,"featured_media":598,"parent":502,"menu_order":0,"comment_status":"closed","ping_status":"closed","template":"","meta":{"_acf_changed":false,"footnotes":""},"class_list":["post-481","page","type-page","status-publish","has-post-thumbnail","hentry"],"acf":[],"_links":{"self":[{"href":"https:\/\/www.alexmaconstruction.com\/en\/wp-json\/wp\/v2\/pages\/481","targetHints":{"allow":["GET"]}}],"collection":[{"href":"https:\/\/www.alexmaconstruction.com\/en\/wp-json\/wp\/v2\/pages"}],"about":[{"href":"https:\/\/www.alexmaconstruction.com\/en\/wp-json\/wp\/v2\/types\/page"}],"author":[{"embeddable":true,"href":"https:\/\/www.alexmaconstruction.com\/en\/wp-json\/wp\/v2\/users\/1"}],"replies":[{"embeddable":true,"href":"https:\/\/www.alexmaconstruction.com\/en\/wp-json\/wp\/v2\/comments?post=481"}],"version-history":[{"count":10,"href":"https:\/\/www.alexmaconstruction.com\/en\/wp-json\/wp\/v2\/pages\/481\/revisions"}],"predecessor-version":[{"id":3687,"href":"https:\/\/www.alexmaconstruction.com\/en\/wp-json\/wp\/v2\/pages\/481\/revisions\/3687"}],"up":[{"embeddable":true,"href":"https:\/\/www.alexmaconstruction.com\/en\/wp-json\/wp\/v2\/pages\/502"}],"wp:featuredmedia":[{"embeddable":true,"href":"https:\/\/www.alexmaconstruction.com\/en\/wp-json\/wp\/v2\/media\/598"}],"wp:attachment":[{"href":"https:\/\/www.alexmaconstruction.com\/en\/wp-json\/wp\/v2\/media?parent=481"}],"curies":[{"name":"wp","href":"https:\/\/api.w.org\/{rel}","templated":true}]}}